{"id":2090,"date":"2025-05-01T21:40:27","date_gmt":"2025-05-01T21:40:27","guid":{"rendered":"https:\/\/capenfant.zentecsolutions.ca\/cap\/?page_id=2090"},"modified":"2025-05-02T20:00:34","modified_gmt":"2025-05-02T20:00:34","slug":"infirmiere-en-sante-publique","status":"publish","type":"page","link":"https:\/\/capenfant.zentecsolutions.ca\/cap\/infirmiere-en-sante-publique\/","title":{"rendered":"Infirmi\u00e8re en sant\u00e9 publique"},"content":{"rendered":"\t\t<div data-elementor-type=\"wp-page\" data-elementor-id=\"2090\" class=\"elementor elementor-2090\" data-elementor-post-type=\"page\">\n\t\t\t\t<div class=\"elementor-element elementor-element-ec74b2d e-flex e-con-boxed e-con e-parent\" data-id=\"ec74b2d\" data-element_type=\"container\" data-settings=\"{&quot;jet_parallax_layout_list&quot;:[]}\">\n\t\t\t\t\t<div class=\"e-con-inner\">\n\t\t\t\t<div class=\"elementor-element elementor-element-b01e874 elementor-widget elementor-widget-spacer\" data-id=\"b01e874\" data-element_type=\"widget\" data-widget_type=\"spacer.default\">\n\t\t\t\t<div class=\"elementor-widget-container\">\n\t\t\t\t\t\t\t<div class=\"elementor-spacer\">\n\t\t\t<div class=\"elementor-spacer-inner\"><\/div>\n\t\t<\/div>\n\t\t\t\t\t\t<\/div>\n\t\t\t\t<\/div>\n\t\t\t\t\t<\/div>\n\t\t\t\t<\/div>\n\t\t<div class=\"elementor-element elementor-element-29bd09b e-flex e-con-boxed e-con e-parent\" data-id=\"29bd09b\" data-element_type=\"container\" data-settings=\"{&quot;jet_parallax_layout_list&quot;:[]}\">\n\t\t\t\t\t<div class=\"e-con-inner\">\n\t\t\t\t<div class=\"elementor-element elementor-element-78920ab elementor-widget elementor-widget-heading\" data-id=\"78920ab\" data-element_type=\"widget\" data-widget_type=\"heading.default\">\n\t\t\t\t<div class=\"elementor-widget-container\">\n\t\t\t\t\t<h2 class=\"elementor-heading-title elementor-size-default\">Infirmi\u00e8res en sant\u00e9 publique francophones<\/h2>\t\t\t\t<\/div>\n\t\t\t\t<\/div>\n\t\t\t\t\t<\/div>\n\t\t\t\t<\/div>\n\t\t<div class=\"elementor-element elementor-element-8a09682 e-flex e-con-boxed e-con e-parent\" data-id=\"8a09682\" data-element_type=\"container\" data-settings=\"{&quot;jet_parallax_layout_list&quot;:[]}\">\n\t\t\t\t\t<div class=\"e-con-inner\">\n\t\t\t\t<div class=\"elementor-element elementor-element-adcc6e1 elementor-widget elementor-widget-spacer\" data-id=\"adcc6e1\" data-element_type=\"widget\" data-widget_type=\"spacer.default\">\n\t\t\t\t<div class=\"elementor-widget-container\">\n\t\t\t\t\t\t\t<div class=\"elementor-spacer\">\n\t\t\t<div class=\"elementor-spacer-inner\"><\/div>\n\t\t<\/div>\n\t\t\t\t\t\t<\/div>\n\t\t\t\t<\/div>\n\t\t\t\t\t<\/div>\n\t\t\t\t<\/div>\n\t\t<div class=\"elementor-element elementor-element-b4002ca e-flex e-con-boxed e-con e-parent\" data-id=\"b4002ca\" data-element_type=\"container\" data-settings=\"{&quot;jet_parallax_layout_list&quot;:[]}\">\n\t\t\t\t\t<div class=\"e-con-inner\">\n\t\t\t\t<div class=\"elementor-element elementor-element-697e3d2 elementor-widget elementor-widget-text-editor\" data-id=\"697e3d2\" data-element_type=\"widget\" data-widget_type=\"text-editor.default\">\n\t\t\t\t<div class=\"elementor-widget-container\">\n\t\t\t\t\t\t\t\t\t<p>Les employ\u00e9es ci-dessous peuvent vous offrir des services infirmiers de sant\u00e9 publique en fran\u00e7ais. Veuillez communiquer avec le bureau de sant\u00e9 publique pour prendre rendez-vous avec ces infirmi\u00e8res :<\/p>\t\t\t\t\t\t\t\t<\/div>\n\t\t\t\t<\/div>\n\t\t\t\t\t<\/div>\n\t\t\t\t<\/div>\n\t\t<div class=\"elementor-element elementor-element-0bd4150 e-flex e-con-boxed e-con e-parent\" data-id=\"0bd4150\" data-element_type=\"container\" data-settings=\"{&quot;jet_parallax_layout_list&quot;:[]}\">\n\t\t\t\t\t<div class=\"e-con-inner\">\n\t\t\t\t<div class=\"elementor-element elementor-element-2dc482a elementor-widget elementor-widget-html\" data-id=\"2dc482a\" data-element_type=\"widget\" data-widget_type=\"html.default\">\n\t\t\t\t<div class=\"elementor-widget-container\">\n\t\t\t\t\t<table style=\"width: 100%; border-collapse: collapse; text-align: left;\">\r\n  <thead style=\"background-color: #f2f2f2;\">\r\n    <tr>\r\n      <th style=\"padding: 10px; border: 1px solid #ddd;\">Bureau<\/th>\r\n      <th style=\"padding: 10px; border: 1px solid #ddd;\">Num\u00e9ro de t\u00e9l\u00e9phone<\/th>\r\n      <th style=\"padding: 10px; border: 1px solid #ddd;\">Employ\u00e9e<\/th>\r\n    <\/tr>\r\n  <\/thead>\r\n  <tbody>\r\n    <tr>\r\n      <td style=\"padding: 10px; border: 1px solid #ddd;\">Charlottetown<\/td>\r\n      <td style=\"padding: 10px; border: 1px solid #ddd;\">902-368-4530<\/td>\r\n      <td style=\"padding: 10px; border: 1px solid #ddd;\">Natalie Dooks et Michelle Gaudet<\/td>\r\n    <\/tr>\r\n    <tr>\r\n      <td style=\"padding: 10px; border: 1px solid #ddd;\">Summerside<\/td>\r\n      <td style=\"padding: 10px; border: 1px solid #ddd;\">902-888-8160<\/td>\r\n      <td style=\"padding: 10px; border: 1px solid #ddd;\">Carla Labont\u00e9<\/td>\r\n    <\/tr>\r\n    <tr>\r\n      <td style=\"padding: 10px; border: 1px solid #ddd;\">Wellington<\/td>\r\n      <td style=\"padding: 10px; border: 1px solid #ddd;\">902-854-7259<\/td>\r\n      <td style=\"padding: 10px; border: 1px solid #ddd;\">Lyanne Bernard<\/td>\r\n    <\/tr>\r\n    <tr>\r\n      <td style=\"padding: 10px; border: 1px solid #ddd;\">O'Leary<\/td>\r\n      <td style=\"padding: 10px; border: 1px solid #ddd;\">902-859-8720<\/td>\r\n      <td style=\"padding: 10px; border: 1px solid #ddd;\">Andrea Bernard<\/td>\r\n    <\/tr>\r\n    <tr>\r\n      <td style=\"padding: 10px; border: 1px solid #ddd;\">Alberton<\/td>\r\n      <td style=\"padding: 10px; border: 1px solid #ddd;\">902-853-8601<\/td>\r\n      <td style=\"padding: 10px; border: 1px solid #ddd;\">Andrea Bernard<\/td>\r\n    <\/tr>\r\n    <tr>\r\n      <td style=\"padding: 10px; border: 1px solid #ddd;\">Tignish<\/td>\r\n      <td style=\"padding: 10px; border: 1px solid #ddd;\">902-882-7366<\/td>\r\n      <td style=\"padding: 10px; border: 1px solid #ddd;\">Andrea Bernard<\/td>\r\n    <\/tr>\r\n  <\/tbody>\r\n<\/table>\r\n\t\t\t\t<\/div>\n\t\t\t\t<\/div>\n\t\t\t\t\t<\/div>\n\t\t\t\t<\/div>\n\t\t\t\t<\/div>\n\t\t","protected":false},"excerpt":{"rendered":"<p>Infirmi\u00e8res en sant\u00e9 publique francophones Les employ\u00e9es ci-dessous peuvent vous offrir des services infirmiers de sant\u00e9 publique en fran\u00e7ais. Veuillez communiquer avec le bureau de sant\u00e9 publique pour prendre rendez-vous [&hellip;]<\/p>\n","protected":false},"author":1,"featured_media":0,"parent":0,"menu_order":0,"comment_status":"closed","ping_status":"closed","template":"page-templates\/fullwidth-content.php","meta":{"footnotes":""},"class_list":["post-2090","page","type-page","status-publish","hentry"],"_links":{"self":[{"href":"https:\/\/capenfant.zentecsolutions.ca\/cap\/wp-json\/wp\/v2\/pages\/2090","targetHints":{"allow":["GET"]}}],"collection":[{"href":"https:\/\/capenfant.zentecsolutions.ca\/cap\/wp-json\/wp\/v2\/pages"}],"about":[{"href":"https:\/\/capenfant.zentecsolutions.ca\/cap\/wp-json\/wp\/v2\/types\/page"}],"author":[{"embeddable":true,"href":"https:\/\/capenfant.zentecsolutions.ca\/cap\/wp-json\/wp\/v2\/users\/1"}],"replies":[{"embeddable":true,"href":"https:\/\/capenfant.zentecsolutions.ca\/cap\/wp-json\/wp\/v2\/comments?post=2090"}],"version-history":[{"count":7,"href":"https:\/\/capenfant.zentecsolutions.ca\/cap\/wp-json\/wp\/v2\/pages\/2090\/revisions"}],"predecessor-version":[{"id":2263,"href":"https:\/\/capenfant.zentecsolutions.ca\/cap\/wp-json\/wp\/v2\/pages\/2090\/revisions\/2263"}],"wp:attachment":[{"href":"https:\/\/capenfant.zentecsolutions.ca\/cap\/wp-json\/wp\/v2\/media?parent=2090"}],"curies":[{"name":"wp","href":"https:\/\/api.w.org\/{rel}","templated":true}]}}